{"id":36,"date":"2017-07-26T15:18:59","date_gmt":"2017-07-26T13:18:59","guid":{"rendered":"http:\/\/www.pk-elektroplan.de?page_id=36"},"modified":"2021-05-04T17:54:08","modified_gmt":"2021-05-04T15:54:08","slug":"rechtliche-hinweise","status":"publish","type":"page","link":"https:\/\/www.pk-elektroplan.de\/index.php\/rechtliche-hinweise\/","title":{"rendered":"Rechtliche Hinweise"},"content":{"rendered":"<p><strong><span class=\"bold\">Wichtiger Hinweis zu allen Links<\/span><\/strong><br \/>\nLinks zu Webseiten Dritter werden Ihnen auf dieser Webseite als reine Serviceleistung bzw. als Hinweis angeboten. F\u00fcr die Inhalte, zu denen verlinkt wird, sind die Anbieter der jeweiligen Webseiten selbst verantwortlich. PK-Elektroplan&nbsp; billigt die Drittinhalte weder, noch soll durch die Verlinkung eine Verbindung zwischen der PK-Elektroplan und diesen Inhalten hergestellt werden.<\/p>\n<p><strong><span class=\"bold\">Haftungsausschluss<\/span><\/strong><br \/>\nJedoch kann keine Garantie daf\u00fcr \u00fcbernommen werden, dass alle Angaben zu jeder Zeit vollst\u00e4ndig, richtig und in letzter Aktualit\u00e4t dargestellt sind. Dies gilt insbesondere f\u00fcr alle Verbindungen (&#8222;Links&#8220;) zu anderen Web Sites, auf die direkt oder indirekt verwiesen wird. Alle Angaben k\u00f6nnen ohne vorherige Ank\u00fcndigung erg\u00e4nzt, entfernt oder ge\u00e4ndert werden. Alle auf dieser Website genannten Produktnamen, Produktbezeichnungen und Logos sind eingetragene Warenzeichen und Eigentum der jeweiligen Rechteinhaber.<\/p>\n<p><strong><span class=\"bold\">Datenschutz<\/span><\/strong><br \/>\nSofern innerhalb des Internetangebotes die M\u00f6glichkeit zur Eingabe pers\u00f6nlicher oder gesch\u00e4ftlicher Daten (Emailadressen, Namen, Anschriften) besteht, so erfolgt die Preisgabe dieser Daten seitens des Nutzers auf ausdr\u00fccklich freiwilliger Basis. Die Inanspruchnahme und Bezahlung aller angebotenen Dienste ist &#8211; soweit technisch m\u00f6glich und zumutbar &#8211; auch ohne Angabe solcher Daten bzw. unter Angabe anonymisierter Daten oder eines Pseudonyms gestattet.<\/p>\n","protected":false},"excerpt":{"rendered":"<p>Wichtiger Hinweis zu allen Links Links zu Webseiten Dritter werden Ihnen auf dieser Webseite als reine Serviceleistung bzw. als Hinweis angeboten. F\u00fcr die Inhalte, zu denen verlinkt wird, sind die Anbieter der jeweiligen Webseiten selbst verantwortlich. PK-Elektroplan&nbsp; billigt die Drittinhalte weder, noch soll durch die Verlinkung eine Verbindung zwischen der PK-Elektroplan und diesen Inhalten hergestellt &hellip; <a href=\"https:\/\/www.pk-elektroplan.de\/index.php\/rechtliche-hinweise\/\" class=\"more-link\"><span class=\"screen-reader-text\">&#8222;Rechtliche Hinweise&#8220; <\/span>weiterlesen<\/a><\/p>\n","protected":false},"author":1,"featured_media":0,"parent":0,"menu_order":0,"comment_status":"closed","ping_status":"closed","template":"","meta":{"footnotes":""},"class_list":["post-36","page","type-page","status-publish","hentry"],"yoast_head":"<!-- This site is optimized with the Yoast SEO plugin v25.1 - https:\/\/yoast.com\/wordpress\/plugins\/seo\/ -->\n<title>Rechtliche Hinweise - PK-Elektroplan<\/title>\n<meta name=\"robots\" content=\"noindex, follow\" \/>\n<meta property=\"og:locale\" content=\"de_DE\" \/>\n<meta property=\"og:type\" content=\"article\" \/>\n<meta property=\"og:title\" content=\"Rechtliche Hinweise - PK-Elektroplan\" \/>\n<meta property=\"og:description\" content=\"Wichtiger Hinweis zu allen Links Links zu Webseiten Dritter werden Ihnen auf dieser Webseite als reine Serviceleistung bzw. als Hinweis angeboten. F\u00fcr die Inhalte, zu denen verlinkt wird, sind die Anbieter der jeweiligen Webseiten selbst verantwortlich. PK-Elektroplan&nbsp; billigt die Drittinhalte weder, noch soll durch die Verlinkung eine Verbindung zwischen der PK-Elektroplan und diesen Inhalten hergestellt &hellip; &#8222;Rechtliche Hinweise&#8220; weiterlesen\" \/>\n<meta property=\"og:url\" content=\"https:\/\/www.pk-elektroplan.de\/index.php\/rechtliche-hinweise\/\" \/>\n<meta property=\"og:site_name\" content=\"PK-Elektroplan\" \/>\n<meta property=\"article:modified_time\" content=\"2021-05-04T15:54:08+00:00\" \/>\n<meta name=\"twitter:card\" content=\"summary_large_image\" \/>\n<meta name=\"twitter:label1\" content=\"Gesch\u00e4tzte Lesezeit\" \/>\n\t<meta name=\"twitter:data1\" content=\"1\u00a0Minute\" \/>\n<script type=\"application\/ld+json\" class=\"yoast-schema-graph\">{\"@context\":\"https:\/\/schema.org\",\"@graph\":[{\"@type\":\"WebPage\",\"@id\":\"https:\/\/www.pk-elektroplan.de\/index.php\/rechtliche-hinweise\/\",\"url\":\"https:\/\/www.pk-elektroplan.de\/index.php\/rechtliche-hinweise\/\",\"name\":\"Rechtliche Hinweise - PK-Elektroplan\",\"isPartOf\":{\"@id\":\"https:\/\/www.pk-elektroplan.de\/#website\"},\"datePublished\":\"2017-07-26T13:18:59+00:00\",\"dateModified\":\"2021-05-04T15:54:08+00:00\",\"breadcrumb\":{\"@id\":\"https:\/\/www.pk-elektroplan.de\/index.php\/rechtliche-hinweise\/#breadcrumb\"},\"inLanguage\":\"de\",\"potentialAction\":[{\"@type\":\"ReadAction\",\"target\":[\"https:\/\/www.pk-elektroplan.de\/index.php\/rechtliche-hinweise\/\"]}]},{\"@type\":\"BreadcrumbList\",\"@id\":\"https:\/\/www.pk-elektroplan.de\/index.php\/rechtliche-hinweise\/#breadcrumb\",\"itemListElement\":[{\"@type\":\"ListItem\",\"position\":1,\"name\":\"Startseite\",\"item\":\"https:\/\/www.pk-elektroplan.de\/\"},{\"@type\":\"ListItem\",\"position\":2,\"name\":\"Rechtliche Hinweise\"}]},{\"@type\":\"WebSite\",\"@id\":\"https:\/\/www.pk-elektroplan.de\/#website\",\"url\":\"https:\/\/www.pk-elektroplan.de\/\",\"name\":\"PK-Elektroplan\",\"description\":\"Das komplette Spektrum der Elektrotechnik\",\"publisher\":{\"@id\":\"https:\/\/www.pk-elektroplan.de\/#organization\"},\"potentialAction\":[{\"@type\":\"SearchAction\",\"target\":{\"@type\":\"EntryPoint\",\"urlTemplate\":\"https:\/\/www.pk-elektroplan.de\/?s={search_term_string}\"},\"query-input\":{\"@type\":\"PropertyValueSpecification\",\"valueRequired\":true,\"valueName\":\"search_term_string\"}}],\"inLanguage\":\"de\"},{\"@type\":\"Organization\",\"@id\":\"https:\/\/www.pk-elektroplan.de\/#organization\",\"name\":\"PK-Elektroplan\",\"url\":\"https:\/\/www.pk-elektroplan.de\/\",\"logo\":{\"@type\":\"ImageObject\",\"inLanguage\":\"de\",\"@id\":\"https:\/\/www.pk-elektroplan.de\/#\/schema\/logo\/image\/\",\"url\":\"https:\/\/www.pk-elektroplan.de\/wp-content\/uploads\/2017\/07\/cropped-logo-200-1.png\",\"contentUrl\":\"https:\/\/www.pk-elektroplan.de\/wp-content\/uploads\/2017\/07\/cropped-logo-200-1.png\",\"width\":240,\"height\":240,\"caption\":\"PK-Elektroplan\"},\"image\":{\"@id\":\"https:\/\/www.pk-elektroplan.de\/#\/schema\/logo\/image\/\"}}]}<\/script>\n<!-- \/ Yoast SEO plugin. -->","yoast_head_json":{"title":"Rechtliche Hinweise - PK-Elektroplan","robots":{"index":"noindex","follow":"follow"},"og_locale":"de_DE","og_type":"article","og_title":"Rechtliche Hinweise - PK-Elektroplan","og_description":"Wichtiger Hinweis zu allen Links Links zu Webseiten Dritter werden Ihnen auf dieser Webseite als reine Serviceleistung bzw. als Hinweis angeboten. F\u00fcr die Inhalte, zu denen verlinkt wird, sind die Anbieter der jeweiligen Webseiten selbst verantwortlich. PK-Elektroplan&nbsp; billigt die Drittinhalte weder, noch soll durch die Verlinkung eine Verbindung zwischen der PK-Elektroplan und diesen Inhalten hergestellt &hellip; &#8222;Rechtliche Hinweise&#8220; weiterlesen","og_url":"https:\/\/www.pk-elektroplan.de\/index.php\/rechtliche-hinweise\/","og_site_name":"PK-Elektroplan","article_modified_time":"2021-05-04T15:54:08+00:00","twitter_card":"summary_large_image","twitter_misc":{"Gesch\u00e4tzte Lesezeit":"1\u00a0Minute"},"schema":{"@context":"https:\/\/schema.org","@graph":[{"@type":"WebPage","@id":"https:\/\/www.pk-elektroplan.de\/index.php\/rechtliche-hinweise\/","url":"https:\/\/www.pk-elektroplan.de\/index.php\/rechtliche-hinweise\/","name":"Rechtliche Hinweise - PK-Elektroplan","isPartOf":{"@id":"https:\/\/www.pk-elektroplan.de\/#website"},"datePublished":"2017-07-26T13:18:59+00:00","dateModified":"2021-05-04T15:54:08+00:00","breadcrumb":{"@id":"https:\/\/www.pk-elektroplan.de\/index.php\/rechtliche-hinweise\/#breadcrumb"},"inLanguage":"de","potentialAction":[{"@type":"ReadAction","target":["https:\/\/www.pk-elektroplan.de\/index.php\/rechtliche-hinweise\/"]}]},{"@type":"BreadcrumbList","@id":"https:\/\/www.pk-elektroplan.de\/index.php\/rechtliche-hinweise\/#breadcrumb","itemListElement":[{"@type":"ListItem","position":1,"name":"Startseite","item":"https:\/\/www.pk-elektroplan.de\/"},{"@type":"ListItem","position":2,"name":"Rechtliche Hinweise"}]},{"@type":"WebSite","@id":"https:\/\/www.pk-elektroplan.de\/#website","url":"https:\/\/www.pk-elektroplan.de\/","name":"PK-Elektroplan","description":"Das komplette Spektrum der Elektrotechnik","publisher":{"@id":"https:\/\/www.pk-elektroplan.de\/#organization"},"potentialAction":[{"@type":"SearchAction","target":{"@type":"EntryPoint","urlTemplate":"https:\/\/www.pk-elektroplan.de\/?s={search_term_string}"},"query-input":{"@type":"PropertyValueSpecification","valueRequired":true,"valueName":"search_term_string"}}],"inLanguage":"de"},{"@type":"Organization","@id":"https:\/\/www.pk-elektroplan.de\/#organization","name":"PK-Elektroplan","url":"https:\/\/www.pk-elektroplan.de\/","logo":{"@type":"ImageObject","inLanguage":"de","@id":"https:\/\/www.pk-elektroplan.de\/#\/schema\/logo\/image\/","url":"https:\/\/www.pk-elektroplan.de\/wp-content\/uploads\/2017\/07\/cropped-logo-200-1.png","contentUrl":"https:\/\/www.pk-elektroplan.de\/wp-content\/uploads\/2017\/07\/cropped-logo-200-1.png","width":240,"height":240,"caption":"PK-Elektroplan"},"image":{"@id":"https:\/\/www.pk-elektroplan.de\/#\/schema\/logo\/image\/"}}]}},"_links":{"self":[{"href":"https:\/\/www.pk-elektroplan.de\/index.php\/wp-json\/wp\/v2\/pages\/36","targetHints":{"allow":["GET"]}}],"collection":[{"href":"https:\/\/www.pk-elektroplan.de\/index.php\/wp-json\/wp\/v2\/pages"}],"about":[{"href":"https:\/\/www.pk-elektroplan.de\/index.php\/wp-json\/wp\/v2\/types\/page"}],"author":[{"embeddable":true,"href":"https:\/\/www.pk-elektroplan.de\/index.php\/wp-json\/wp\/v2\/users\/1"}],"replies":[{"embeddable":true,"href":"https:\/\/www.pk-elektroplan.de\/index.php\/wp-json\/wp\/v2\/comments?post=36"}],"version-history":[{"count":3,"href":"https:\/\/www.pk-elektroplan.de\/index.php\/wp-json\/wp\/v2\/pages\/36\/revisions"}],"predecessor-version":[{"id":102,"href":"https:\/\/www.pk-elektroplan.de\/index.php\/wp-json\/wp\/v2\/pages\/36\/revisions\/102"}],"wp:attachment":[{"href":"https:\/\/www.pk-elektroplan.de\/index.php\/wp-json\/wp\/v2\/media?parent=36"}],"curies":[{"name":"wp","href":"https:\/\/api.w.org\/{rel}","templated":true}]}}