{"id":40,"date":"2017-07-26T15:19:26","date_gmt":"2017-07-26T13:19:26","guid":{"rendered":"http:\/\/www.pk-elektroplan.de?page_id=40"},"modified":"2021-05-04T17:54:23","modified_gmt":"2021-05-04T15:54:23","slug":"impressum","status":"publish","type":"page","link":"https:\/\/www.pk-elektroplan.de\/index.php\/impressum\/","title":{"rendered":"Impressum"},"content":{"rendered":"<p><strong>PK-ELEKTROPLAN<\/strong><br \/>\nPlanung | Bauleitung | Beratung | Sachverst\u00e4ndiger nach DIN EN ISO\/IEC 17024:2012, EURO-ZERT &#8211; European Association of Certificated and Qualified Experts<br \/>\nPlanungsb\u00fcro f\u00fcr Elektroanlangen und Energietechnik<\/p>\n<p>Steuernummer: 11423970083<\/p>\n<p>Ingenieurb\u00fcro Norbert Kramer<br \/>\nFeldweg 11b<br \/>\n85659 Forstern<\/p>\n<p>Telefonnummer: +49 (0)81 24 \/ 446 77 98<br \/>\nFaxnummer: &nbsp; &nbsp; &nbsp; +49 (0)81 24 \/ 446 99 68<\/p>\n<p>eMail:&nbsp;&nbsp;&nbsp;&nbsp;&nbsp;&nbsp;&nbsp;&nbsp;&nbsp;&nbsp;&nbsp;&nbsp;&nbsp;&nbsp;&nbsp;&nbsp;&nbsp; <a title=\"blocked::blocked::blocked::mailto:kramer-forstern@t-online.de\nblocked::mailto:kramer-forstern@t-online.de\" href=\"mailto:kramer-forstern@t-online.de\">kramer-forstern@t-online.de<\/a><\/p>\n","protected":false},"excerpt":{"rendered":"<p>PK-ELEKTROPLAN Planung | Bauleitung | Beratung | Sachverst\u00e4ndiger nach DIN EN ISO\/IEC 17024:2012, EURO-ZERT &#8211; European Association of Certificated and Qualified Experts Planungsb\u00fcro f\u00fcr Elektroanlangen und Energietechnik Steuernummer: 11423970083 Ingenieurb\u00fcro Norbert Kramer Feldweg 11b 85659 Forstern Telefonnummer: +49 (0)81 24 \/ 446 77 98 Faxnummer: &nbsp; &nbsp; &nbsp; +49 (0)81 24 \/ 446 99 68 &hellip; <a href=\"https:\/\/www.pk-elektroplan.de\/index.php\/impressum\/\" class=\"more-link\"><span class=\"screen-reader-text\">&#8222;Impressum&#8220; <\/span>weiterlesen<\/a><\/p>\n","protected":false},"author":1,"featured_media":0,"parent":0,"menu_order":0,"comment_status":"closed","ping_status":"closed","template":"","meta":{"footnotes":""},"class_list":["post-40","page","type-page","status-publish","hentry"],"yoast_head":"<!-- This site is optimized with the Yoast SEO plugin v25.1 - https:\/\/yoast.com\/wordpress\/plugins\/seo\/ -->\n<title>Impressum - PK-Elektroplan<\/title>\n<meta name=\"robots\" content=\"noindex, follow\" \/>\n<meta property=\"og:locale\" content=\"de_DE\" \/>\n<meta property=\"og:type\" content=\"article\" \/>\n<meta property=\"og:title\" content=\"Impressum - PK-Elektroplan\" \/>\n<meta property=\"og:description\" content=\"PK-ELEKTROPLAN Planung | Bauleitung | Beratung | Sachverst\u00e4ndiger nach DIN EN ISO\/IEC 17024:2012, EURO-ZERT &#8211; European Association of Certificated and Qualified Experts Planungsb\u00fcro f\u00fcr Elektroanlangen und Energietechnik Steuernummer: 11423970083 Ingenieurb\u00fcro Norbert Kramer Feldweg 11b 85659 Forstern Telefonnummer: +49 (0)81 24 \/ 446 77 98 Faxnummer: &nbsp; &nbsp; &nbsp; +49 (0)81 24 \/ 446 99 68 &hellip; &#8222;Impressum&#8220; weiterlesen\" \/>\n<meta property=\"og:url\" content=\"https:\/\/www.pk-elektroplan.de\/index.php\/impressum\/\" \/>\n<meta property=\"og:site_name\" content=\"PK-Elektroplan\" \/>\n<meta property=\"article:modified_time\" content=\"2021-05-04T15:54:23+00:00\" \/>\n<meta name=\"twitter:card\" content=\"summary_large_image\" \/>\n<meta name=\"twitter:label1\" content=\"Gesch\u00e4tzte Lesezeit\" \/>\n\t<meta name=\"twitter:data1\" content=\"1\u00a0Minute\" \/>\n<script type=\"application\/ld+json\" class=\"yoast-schema-graph\">{\"@context\":\"https:\/\/schema.org\",\"@graph\":[{\"@type\":\"WebPage\",\"@id\":\"https:\/\/www.pk-elektroplan.de\/index.php\/impressum\/\",\"url\":\"https:\/\/www.pk-elektroplan.de\/index.php\/impressum\/\",\"name\":\"Impressum - PK-Elektroplan\",\"isPartOf\":{\"@id\":\"https:\/\/www.pk-elektroplan.de\/#website\"},\"datePublished\":\"2017-07-26T13:19:26+00:00\",\"dateModified\":\"2021-05-04T15:54:23+00:00\",\"breadcrumb\":{\"@id\":\"https:\/\/www.pk-elektroplan.de\/index.php\/impressum\/#breadcrumb\"},\"inLanguage\":\"de\",\"potentialAction\":[{\"@type\":\"ReadAction\",\"target\":[\"https:\/\/www.pk-elektroplan.de\/index.php\/impressum\/\"]}]},{\"@type\":\"BreadcrumbList\",\"@id\":\"https:\/\/www.pk-elektroplan.de\/index.php\/impressum\/#breadcrumb\",\"itemListElement\":[{\"@type\":\"ListItem\",\"position\":1,\"name\":\"Startseite\",\"item\":\"https:\/\/www.pk-elektroplan.de\/\"},{\"@type\":\"ListItem\",\"position\":2,\"name\":\"Impressum\"}]},{\"@type\":\"WebSite\",\"@id\":\"https:\/\/www.pk-elektroplan.de\/#website\",\"url\":\"https:\/\/www.pk-elektroplan.de\/\",\"name\":\"PK-Elektroplan\",\"description\":\"Das komplette Spektrum der Elektrotechnik\",\"publisher\":{\"@id\":\"https:\/\/www.pk-elektroplan.de\/#organization\"},\"potentialAction\":[{\"@type\":\"SearchAction\",\"target\":{\"@type\":\"EntryPoint\",\"urlTemplate\":\"https:\/\/www.pk-elektroplan.de\/?s={search_term_string}\"},\"query-input\":{\"@type\":\"PropertyValueSpecification\",\"valueRequired\":true,\"valueName\":\"search_term_string\"}}],\"inLanguage\":\"de\"},{\"@type\":\"Organization\",\"@id\":\"https:\/\/www.pk-elektroplan.de\/#organization\",\"name\":\"PK-Elektroplan\",\"url\":\"https:\/\/www.pk-elektroplan.de\/\",\"logo\":{\"@type\":\"ImageObject\",\"inLanguage\":\"de\",\"@id\":\"https:\/\/www.pk-elektroplan.de\/#\/schema\/logo\/image\/\",\"url\":\"https:\/\/www.pk-elektroplan.de\/wp-content\/uploads\/2017\/07\/cropped-logo-200-1.png\",\"contentUrl\":\"https:\/\/www.pk-elektroplan.de\/wp-content\/uploads\/2017\/07\/cropped-logo-200-1.png\",\"width\":240,\"height\":240,\"caption\":\"PK-Elektroplan\"},\"image\":{\"@id\":\"https:\/\/www.pk-elektroplan.de\/#\/schema\/logo\/image\/\"}}]}<\/script>\n<!-- \/ Yoast SEO plugin. -->","yoast_head_json":{"title":"Impressum - PK-Elektroplan","robots":{"index":"noindex","follow":"follow"},"og_locale":"de_DE","og_type":"article","og_title":"Impressum - PK-Elektroplan","og_description":"PK-ELEKTROPLAN Planung | Bauleitung | Beratung | Sachverst\u00e4ndiger nach DIN EN ISO\/IEC 17024:2012, EURO-ZERT &#8211; European Association of Certificated and Qualified Experts Planungsb\u00fcro f\u00fcr Elektroanlangen und Energietechnik Steuernummer: 11423970083 Ingenieurb\u00fcro Norbert Kramer Feldweg 11b 85659 Forstern Telefonnummer: +49 (0)81 24 \/ 446 77 98 Faxnummer: &nbsp; &nbsp; &nbsp; +49 (0)81 24 \/ 446 99 68 &hellip; &#8222;Impressum&#8220; weiterlesen","og_url":"https:\/\/www.pk-elektroplan.de\/index.php\/impressum\/","og_site_name":"PK-Elektroplan","article_modified_time":"2021-05-04T15:54:23+00:00","twitter_card":"summary_large_image","twitter_misc":{"Gesch\u00e4tzte Lesezeit":"1\u00a0Minute"},"schema":{"@context":"https:\/\/schema.org","@graph":[{"@type":"WebPage","@id":"https:\/\/www.pk-elektroplan.de\/index.php\/impressum\/","url":"https:\/\/www.pk-elektroplan.de\/index.php\/impressum\/","name":"Impressum - PK-Elektroplan","isPartOf":{"@id":"https:\/\/www.pk-elektroplan.de\/#website"},"datePublished":"2017-07-26T13:19:26+00:00","dateModified":"2021-05-04T15:54:23+00:00","breadcrumb":{"@id":"https:\/\/www.pk-elektroplan.de\/index.php\/impressum\/#breadcrumb"},"inLanguage":"de","potentialAction":[{"@type":"ReadAction","target":["https:\/\/www.pk-elektroplan.de\/index.php\/impressum\/"]}]},{"@type":"BreadcrumbList","@id":"https:\/\/www.pk-elektroplan.de\/index.php\/impressum\/#breadcrumb","itemListElement":[{"@type":"ListItem","position":1,"name":"Startseite","item":"https:\/\/www.pk-elektroplan.de\/"},{"@type":"ListItem","position":2,"name":"Impressum"}]},{"@type":"WebSite","@id":"https:\/\/www.pk-elektroplan.de\/#website","url":"https:\/\/www.pk-elektroplan.de\/","name":"PK-Elektroplan","description":"Das komplette Spektrum der Elektrotechnik","publisher":{"@id":"https:\/\/www.pk-elektroplan.de\/#organization"},"potentialAction":[{"@type":"SearchAction","target":{"@type":"EntryPoint","urlTemplate":"https:\/\/www.pk-elektroplan.de\/?s={search_term_string}"},"query-input":{"@type":"PropertyValueSpecification","valueRequired":true,"valueName":"search_term_string"}}],"inLanguage":"de"},{"@type":"Organization","@id":"https:\/\/www.pk-elektroplan.de\/#organization","name":"PK-Elektroplan","url":"https:\/\/www.pk-elektroplan.de\/","logo":{"@type":"ImageObject","inLanguage":"de","@id":"https:\/\/www.pk-elektroplan.de\/#\/schema\/logo\/image\/","url":"https:\/\/www.pk-elektroplan.de\/wp-content\/uploads\/2017\/07\/cropped-logo-200-1.png","contentUrl":"https:\/\/www.pk-elektroplan.de\/wp-content\/uploads\/2017\/07\/cropped-logo-200-1.png","width":240,"height":240,"caption":"PK-Elektroplan"},"image":{"@id":"https:\/\/www.pk-elektroplan.de\/#\/schema\/logo\/image\/"}}]}},"_links":{"self":[{"href":"https:\/\/www.pk-elektroplan.de\/index.php\/wp-json\/wp\/v2\/pages\/40","targetHints":{"allow":["GET"]}}],"collection":[{"href":"https:\/\/www.pk-elektroplan.de\/index.php\/wp-json\/wp\/v2\/pages"}],"about":[{"href":"https:\/\/www.pk-elektroplan.de\/index.php\/wp-json\/wp\/v2\/types\/page"}],"author":[{"embeddable":true,"href":"https:\/\/www.pk-elektroplan.de\/index.php\/wp-json\/wp\/v2\/users\/1"}],"replies":[{"embeddable":true,"href":"https:\/\/www.pk-elektroplan.de\/index.php\/wp-json\/wp\/v2\/comments?post=40"}],"version-history":[{"count":3,"href":"https:\/\/www.pk-elektroplan.de\/index.php\/wp-json\/wp\/v2\/pages\/40\/revisions"}],"predecessor-version":[{"id":103,"href":"https:\/\/www.pk-elektroplan.de\/index.php\/wp-json\/wp\/v2\/pages\/40\/revisions\/103"}],"wp:attachment":[{"href":"https:\/\/www.pk-elektroplan.de\/index.php\/wp-json\/wp\/v2\/media?parent=40"}],"curies":[{"name":"wp","href":"https:\/\/api.w.org\/{rel}","templated":true}]}}